{"id":462,"date":"2026-03-25T11:50:17","date_gmt":"2026-03-25T11:50:17","guid":{"rendered":"https:\/\/www.ecofarmstorti.com\/kontakt\/"},"modified":"2026-03-27T10:15:15","modified_gmt":"2026-03-27T10:15:15","slug":"kontakt","status":"publish","type":"page","link":"https:\/\/www.ecofarmstorti.com\/de\/kontakt\/","title":{"rendered":"Kontakt"},"content":{"rendered":"\t\t<div data-elementor-type=\"wp-page\" data-elementor-id=\"462\" class=\"elementor elementor-462 elementor-85\" data-elementor-post-type=\"page\">\n\t\t\t\t<div class=\"elementor-element elementor-element-fb1965c e-flex e-con-boxed e-con e-parent\" data-id=\"fb1965c\" data-element_type=\"container\" data-e-type=\"container\">\n\t\t\t\t\t<div class=\"e-con-inner\">\n\t\t\t\t<div class=\"elementor-element elementor-element-361f23a elementor-widget elementor-widget-template\" data-id=\"361f23a\" data-element_type=\"widget\" data-e-type=\"widget\" data-widget_type=\"template.default\">\n\t\t\t\t<div class=\"elementor-widget-container\">\n\t\t\t\t\t\t\t<div class=\"elementor-template\">\n\t\t\t\t\t<div data-elementor-type=\"container\" data-elementor-id=\"552\" class=\"elementor elementor-552 elementor-117 elementor-117\" data-elementor-post-type=\"elementor_library\">\n\t\t\t\t<div class=\"elementor-element elementor-element-3959211a e-con-full e-flex e-con e-child\" data-id=\"3959211a\" data-element_type=\"container\" data-e-type=\"container\">\n\t\t<div class=\"elementor-element elementor-element-7584820c e-con-full e-flex e-con e-child\" data-id=\"7584820c\" data-element_type=\"container\" data-e-type=\"container\">\n\t\t\t\t<div class=\"elementor-element elementor-element-2ac05df1 elementor-widget elementor-widget-heading\" data-id=\"2ac05df1\" data-element_type=\"widget\" data-e-type=\"widget\" data-widget_type=\"heading.default\">\n\t\t\t\t\t<span class=\"elementor-heading-title elementor-size-default\"><span class=\"highlight\">Bleiben Sie mit uns in Kontakt<\/span><\/span>\t\t\t\t<\/div>\n\t\t\t\t<div class=\"elementor-element elementor-element-736208ef elementor-widget elementor-widget-text-editor\" data-id=\"736208ef\" data-element_type=\"widget\" data-e-type=\"widget\" data-widget_type=\"text-editor.default\">\n\t\t\t\t\t\t\t\t\t<p>Wir sind nach wie vor davon \u00fcberzeugt, dass ein pers\u00f6nliches Gespr\u00e4ch der beste Weg f\u00fcr einen gemeinsamen Start ist. <br>Rufen Sie uns an oder hinterlassen Sie Ihre Kontaktdaten, um mit einem unserer Fachberater zu sprechen.<\/p>\t\t\t\t\t\t\t\t<\/div>\n\t\t\t\t<div class=\"elementor-element elementor-element-2017ba25 elementor-widget elementor-widget-text-editor\" data-id=\"2017ba25\" data-element_type=\"widget\" data-e-type=\"widget\" data-widget_type=\"text-editor.default\">\n\t\t\t\t\t\t\t\t\t<p><strong>Ecofarm Storti Srl<\/strong> Via Castelletto 10<br>IT 37050 Belfiore VR Italien<br>Tel. +39 045 6134 390 | Fax +39 045 6149 006<br>info@ecofarm.storti.com | USt-IdNr. IT04059830234<\/p>\t\t\t\t\t\t\t\t<\/div>\n\t\t<div class=\"elementor-element elementor-element-72f1552f e-con-full e-flex e-con e-child\" data-id=\"72f1552f\" data-element_type=\"container\" data-e-type=\"container\">\n\t\t\t\t<div class=\"elementor-element elementor-element-2d84f09 elementor-widget elementor-widget-heading\" data-id=\"2d84f09\" data-element_type=\"widget\" data-e-type=\"widget\" data-widget_type=\"heading.default\">\n\t\t\t\t\t<span class=\"elementor-heading-title elementor-size-default\">Ecofarm Storti Srl ist eine Tochtergesellschaft der <span class=\"storti-logo\"><\/span> S.p.a.<\/span>\t\t\t\t<\/div>\n\t\t\t\t<\/div>\n\t\t\t\t<\/div>\n\t\t<div class=\"elementor-element elementor-element-484c0abd e-con-full e-flex e-con e-child\" data-id=\"484c0abd\" data-element_type=\"container\" data-e-type=\"container\">\n\t\t\t\t<div class=\"elementor-element elementor-element-776eb97c elementor-button-align-start elementor-widget elementor-widget-global elementor-global-541 elementor-global-114 elementor-global-114 elementor-widget-form\" data-id=\"776eb97c\" data-element_type=\"widget\" data-e-type=\"widget\" data-settings=\"{&quot;step_next_label&quot;:&quot;Weiter&quot;,&quot;step_previous_label&quot;:&quot;Zur\\u00fcck&quot;,&quot;button_width&quot;:&quot;100&quot;,&quot;step_type&quot;:&quot;number_text&quot;,&quot;step_icon_shape&quot;:&quot;circle&quot;}\" data-widget_type=\"form.default\">\n\t\t\t\t\t\t\t<form class=\"elementor-form\" method=\"post\" id=\"formcontatti\" name=\"Kontaktformular\" aria-label=\"Kontaktformular\">\n\t\t\t<input type=\"hidden\" name=\"post_id\" value=\"552\"\/>\n\t\t\t<input type=\"hidden\" name=\"form_id\" value=\"776eb97c\"\/>\n\t\t\t<input type=\"hidden\" name=\"referer_title\" value=\"Ecofarm Storti Srl\" \/>\n\n\t\t\t\n\t\t\t<div class=\"elementor-form-fields-wrapper elementor-labels-above\">\n\t\t\t\t\t\t\t\t<div class=\"elementor-field-type-text elementor-field-group elementor-column elementor-field-group-firstname elementor-col-50 elementor-field-required\">\n\t\t\t\t\t\t\t\t\t\t\t\t<label for=\"form-field-firstname\" class=\"elementor-field-label\">\n\t\t\t\t\t\t\t\tVorname\t\t\t\t\t\t\t<\/label>\n\t\t\t\t\t\t\t\t\t\t\t\t\t\t<input size=\"1\" type=\"text\" name=\"form_fields[firstname]\" id=\"form-field-firstname\" class=\"elementor-field elementor-size-sm  elementor-field-textual\" required=\"required\">\n\t\t\t\t\t\t\t\t\t\t\t<\/div>\n\t\t\t\t\t\t\t\t<div class=\"elementor-field-type-text elementor-field-group elementor-column elementor-field-group-lastname elementor-col-50 elementor-field-required\">\n\t\t\t\t\t\t\t\t\t\t\t\t<label for=\"form-field-lastname\" class=\"elementor-field-label\">\n\t\t\t\t\t\t\t\tNachname\t\t\t\t\t\t\t<\/label>\n\t\t\t\t\t\t\t\t\t\t\t\t\t\t<input size=\"1\" type=\"text\" name=\"form_fields[lastname]\" id=\"form-field-lastname\" class=\"elementor-field elementor-size-sm  elementor-field-textual\" required=\"required\">\n\t\t\t\t\t\t\t\t\t\t\t<\/div>\n\t\t\t\t\t\t\t\t<div class=\"elementor-field-type-email elementor-field-group elementor-column elementor-field-group-email elementor-col-50 elementor-field-required\">\n\t\t\t\t\t\t\t\t\t\t\t\t<label for=\"form-field-email\" class=\"elementor-field-label\">\n\t\t\t\t\t\t\t\tE-Mail\t\t\t\t\t\t\t<\/label>\n\t\t\t\t\t\t\t\t\t\t\t\t\t\t<input size=\"1\" type=\"email\" name=\"form_fields[email]\" id=\"form-field-email\" class=\"elementor-field elementor-size-sm  elementor-field-textual\" required=\"required\">\n\t\t\t\t\t\t\t\t\t\t\t<\/div>\n\t\t\t\t\t\t\t\t<div class=\"elementor-field-type-tel elementor-field-group elementor-column elementor-field-group-phone elementor-col-50 elementor-field-required\">\n\t\t\t\t\t\t\t\t\t\t\t\t<label for=\"form-field-phone\" class=\"elementor-field-label\">\n\t\t\t\t\t\t\t\tTelefon\t\t\t\t\t\t\t<\/label>\n\t\t\t\t\t\t\t\t<input size=\"1\" type=\"tel\" name=\"form_fields[phone]\" id=\"form-field-phone\" class=\"elementor-field elementor-size-sm  elementor-field-textual\" required=\"required\" pattern=\"[0-9()#&amp;+*-=.]+\" title=\"Nur Nummern oder Telefon-Zeichen (#, -, *, etc) werden akzeptiert.\">\n\n\t\t\t\t\t\t<\/div>\n\t\t\t\t\t\t\t\t<div class=\"elementor-field-type-text elementor-field-group elementor-column elementor-field-group-company elementor-col-50 elementor-field-required\">\n\t\t\t\t\t\t\t\t\t\t\t\t<label for=\"form-field-company\" class=\"elementor-field-label\">\n\t\t\t\t\t\t\t\tUnternehmen\t\t\t\t\t\t\t<\/label>\n\t\t\t\t\t\t\t\t\t\t\t\t\t\t<input size=\"1\" type=\"text\" name=\"form_fields[company]\" id=\"form-field-company\" class=\"elementor-field elementor-size-sm  elementor-field-textual\" required=\"required\">\n\t\t\t\t\t\t\t\t\t\t\t<\/div>\n\t\t\t\t\t\t\t\t<div class=\"elementor-field-type-text elementor-field-group elementor-column elementor-field-group-city elementor-col-50 elementor-field-required\">\n\t\t\t\t\t\t\t\t\t\t\t\t<label for=\"form-field-city\" class=\"elementor-field-label\">\n\t\t\t\t\t\t\t\tStadt\t\t\t\t\t\t\t<\/label>\n\t\t\t\t\t\t\t\t\t\t\t\t\t\t<input size=\"1\" type=\"text\" name=\"form_fields[city]\" id=\"form-field-city\" class=\"elementor-field elementor-size-sm  elementor-field-textual\" required=\"required\">\n\t\t\t\t\t\t\t\t\t\t\t<\/div>\n\t\t\t\t\t\t\t\t<div class=\"elementor-field-type-textarea elementor-field-group elementor-column elementor-field-group-message elementor-col-100 elementor-field-required\">\n\t\t\t\t\t\t\t\t\t\t\t\t<label for=\"form-field-message\" class=\"elementor-field-label\">\n\t\t\t\t\t\t\t\tWof\u00fcr interessieren Sie sich?\t\t\t\t\t\t\t<\/label>\n\t\t\t\t\t\t<textarea class=\"elementor-field-textual elementor-field  elementor-size-sm\" name=\"form_fields[message]\" id=\"form-field-message\" rows=\"6\" required=\"required\"><\/textarea>\t\t\t\t<\/div>\n\t\t\t\t\t\t\t\t<div class=\"elementor-field-type-acceptance elementor-field-group elementor-column elementor-field-group-newsletter elementor-col-100\">\n\t\t\t\t\t\t\t<div class=\"elementor-field-subgroup\">\n\t\t\t<span class=\"elementor-field-option\">\n\t\t\t\t<input type=\"checkbox\" name=\"form_fields[newsletter]\" id=\"form-field-newsletter\" class=\"elementor-field elementor-size-sm  elementor-acceptance-field\">\n\t\t\t\t<label for=\"form-field-newsletter\">Ich stimme der Datenverarbeitung zum Zweck des Erhalts von Werbemitteilungen und Angeboten zu, die f\u00fcr meine Interessen relevant sind, auch per E-Mail.<\/label>\t\t\t<\/span>\n\t\t<\/div>\n\t\t\t\t\t\t<\/div>\n\t\t\t\t\t\t\t\t<div class=\"elementor-field-type-acceptance elementor-field-group elementor-column elementor-field-group-privacy elementor-col-100 elementor-field-required\">\n\t\t\t\t\t\t\t<div class=\"elementor-field-subgroup\">\n\t\t\t<span class=\"elementor-field-option\">\n\t\t\t\t<input type=\"checkbox\" name=\"form_fields[privacy]\" id=\"form-field-privacy\" class=\"elementor-field elementor-size-sm  elementor-acceptance-field\" required=\"required\">\n\t\t\t\t<label for=\"form-field-privacy\">Gem\u00e4\u00df der DSGVO 2016\/679 best\u00e4tige ich, die <a href=\"https:\/\/www.ecofarmstorti.com\/de\/datenschutzerklarung\/\" target=\"_blank\" rel=\"noopener noreferrer\">Datenschutzerkl\u00e4rung<\/a> gelesen und verstanden zu haben und ihr zuzustimmen.<\/label>\t\t\t<\/span>\n\t\t<\/div>\n\t\t\t\t\t\t<\/div>\n\t\t\t\t\t\t\t\t<div class=\"elementor-field-type-recaptcha_v3 elementor-field-group elementor-column elementor-field-group-field_948a486 elementor-col-100 recaptcha_v3-bottomright\">\n\t\t\t\t\t<div class=\"elementor-field\" id=\"form-field-field_948a486\"><div class=\"elementor-g-recaptcha\" data-sitekey=\"6Lckd6EsAAAAAKDrMe1tGx-ljpT2ULDnZtGaOIkM\" data-type=\"v3\" data-action=\"Form\" data-badge=\"bottomright\" data-size=\"invisible\"><\/div><\/div>\t\t\t\t<\/div>\n\t\t\t\t\t\t\t\t<div class=\"elementor-field-group elementor-column elementor-field-type-submit elementor-col-100 e-form__buttons\">\n\t\t\t\t\t<button class=\"elementor-button elementor-size-sm\" type=\"submit\">\n\t\t\t\t\t\t<span class=\"elementor-button-content-wrapper\">\n\t\t\t\t\t\t\t\t\t\t\t\t\t\t\t\t\t\t\t\t\t\t<span class=\"elementor-button-text\">Senden<\/span>\n\t\t\t\t\t\t\t\t\t\t\t\t\t<\/span>\n\t\t\t\t\t<\/button>\n\t\t\t\t<\/div>\n\t\t\t<\/div>\n\t\t<\/form>\n\t\t\t\t\t\t<\/div>\n\t\t\t\t<\/div>\n\t\t\t\t<\/div>\n\t\t\t\t<\/div>\n\t\t\t\t<\/div>\n\t\t\t\t\t\t<\/div>\n\t\t\t\t<\/div>\n\t\t\t\t\t<\/div>\n\t\t\t\t<\/div>\n\t\t<div class=\"elementor-element elementor-element-edce5eb e-flex e-con-boxed e-con e-parent\" data-id=\"edce5eb\" data-element_type=\"container\" data-e-type=\"container\">\n\t\t\t\t\t<div class=\"e-con-inner\">\n\t\t\t\t<div class=\"elementor-element elementor-element-57429b3 elementor-widget elementor-widget-google_maps\" data-id=\"57429b3\" data-element_type=\"widget\" data-e-type=\"widget\" data-widget_type=\"google_maps.default\">\n\t\t\t\t\t\t\t<div class=\"elementor-custom-embed\">\n\t\t\t<iframe loading=\"lazy\"\n\t\t\t\t\tsrc=\"https:\/\/www.google.com\/maps\/embed\/v1\/place?key=AIzaSyC1SVGvdtYyKReHVlTuCZ9U8mBz3WQ1A6k&#038;q=Storsti%20belfiore&#038;zoom=13\"\n\t\t\t\t\ttitle=\"Storsti belfiore\"\n\t\t\t\t\taria-label=\"Storsti belfiore\"\n\t\t\t><\/iframe>\n\t\t<\/div>\n\t\t\t\t\t\t<\/div>\n\t\t\t\t\t<\/div>\n\t\t\t\t<\/div>\n\t\t\t\t<\/div>\n\t\t","protected":false},"excerpt":{"rendered":"","protected":false},"author":1,"featured_media":0,"parent":0,"menu_order":0,"comment_status":"closed","ping_status":"closed","template":"","meta":{"_angie_page":false,"footnotes":""},"class_list":["post-462","page","type-page","status-publish","hentry"],"yoast_head":"<!-- This site is optimized with the Yoast SEO plugin v27.3 - https:\/\/yoast.com\/product\/yoast-seo-wordpress\/ -->\n<title>Kontakt - Ecofarm Storti Srl<\/title>\n<meta name=\"robots\" content=\"index, follow, max-snippet:-1, max-image-preview:large, max-video-preview:-1\" \/>\n<link rel=\"canonical\" href=\"https:\/\/www.ecofarmstorti.com\/de\/kontakt\/\" \/>\n<meta property=\"og:locale\" content=\"de_DE\" \/>\n<meta property=\"og:type\" content=\"article\" \/>\n<meta property=\"og:title\" content=\"Kontakt - Ecofarm Storti Srl\" \/>\n<meta property=\"og:url\" content=\"https:\/\/www.ecofarmstorti.com\/de\/kontakt\/\" \/>\n<meta property=\"og:site_name\" content=\"Ecofarm Storti Srl\" \/>\n<meta property=\"article:publisher\" content=\"https:\/\/www.facebook.com\/stortiecofarm\/\" \/>\n<meta property=\"article:modified_time\" content=\"2026-03-27T10:15:15+00:00\" \/>\n<meta property=\"og:image\" content=\"https:\/\/www.ecofarmstorti.com\/wp-content\/uploads\/2026\/03\/favicon.webp\" \/>\n\t<meta property=\"og:image:width\" content=\"512\" \/>\n\t<meta property=\"og:image:height\" content=\"512\" \/>\n\t<meta property=\"og:image:type\" content=\"image\/webp\" \/>\n<meta name=\"twitter:card\" content=\"summary_large_image\" \/>\n<script type=\"application\/ld+json\" class=\"yoast-schema-graph\">{\"@context\":\"https:\\\/\\\/schema.org\",\"@graph\":[{\"@type\":\"WebPage\",\"@id\":\"https:\\\/\\\/www.ecofarmstorti.com\\\/de\\\/kontakt\\\/\",\"url\":\"https:\\\/\\\/www.ecofarmstorti.com\\\/de\\\/kontakt\\\/\",\"name\":\"Kontakt - Ecofarm Storti Srl\",\"isPartOf\":{\"@id\":\"https:\\\/\\\/www.ecofarmstorti.com\\\/de\\\/#website\"},\"datePublished\":\"2026-03-25T11:50:17+00:00\",\"dateModified\":\"2026-03-27T10:15:15+00:00\",\"inLanguage\":\"de\",\"potentialAction\":[{\"@type\":\"ReadAction\",\"target\":[\"https:\\\/\\\/www.ecofarmstorti.com\\\/de\\\/kontakt\\\/\"]}]},{\"@type\":\"WebSite\",\"@id\":\"https:\\\/\\\/www.ecofarmstorti.com\\\/de\\\/#website\",\"url\":\"https:\\\/\\\/www.ecofarmstorti.com\\\/de\\\/\",\"name\":\"Ecofarm Storti Srl\",\"description\":\"Sapere come crescono fa la differenza\",\"publisher\":{\"@id\":\"https:\\\/\\\/www.ecofarmstorti.com\\\/de\\\/#organization\"},\"potentialAction\":[{\"@type\":\"SearchAction\",\"target\":{\"@type\":\"EntryPoint\",\"urlTemplate\":\"https:\\\/\\\/www.ecofarmstorti.com\\\/de\\\/?s={search_term_string}\"},\"query-input\":{\"@type\":\"PropertyValueSpecification\",\"valueRequired\":true,\"valueName\":\"search_term_string\"}}],\"inLanguage\":\"de\"},{\"@type\":\"Organization\",\"@id\":\"https:\\\/\\\/www.ecofarmstorti.com\\\/de\\\/#organization\",\"name\":\"Ecofarm Storti Srl\",\"url\":\"https:\\\/\\\/www.ecofarmstorti.com\\\/de\\\/\",\"logo\":{\"@type\":\"ImageObject\",\"inLanguage\":\"de\",\"@id\":\"https:\\\/\\\/www.ecofarmstorti.com\\\/de\\\/#\\\/schema\\\/logo\\\/image\\\/\",\"url\":\"https:\\\/\\\/www.ecofarmstorti.com\\\/wp-content\\\/uploads\\\/2026\\\/03\\\/logo-ecofarm.png\",\"contentUrl\":\"https:\\\/\\\/www.ecofarmstorti.com\\\/wp-content\\\/uploads\\\/2026\\\/03\\\/logo-ecofarm.png\",\"width\":400,\"height\":104,\"caption\":\"Ecofarm Storti Srl\"},\"image\":{\"@id\":\"https:\\\/\\\/www.ecofarmstorti.com\\\/de\\\/#\\\/schema\\\/logo\\\/image\\\/\"},\"sameAs\":[\"https:\\\/\\\/www.facebook.com\\\/stortiecofarm\\\/\",\"https:\\\/\\\/www.instagram.com\\\/ecofarmstorti\\\/\",\"https:\\\/\\\/www.youtube.com\\\/@ecofarmstorti1564\",\"https:\\\/\\\/www.linkedin.com\\\/company\\\/storti-ecofarm\\\/\"]}]}<\/script>\n<!-- \/ Yoast SEO plugin. -->","yoast_head_json":{"title":"Kontakt - Ecofarm Storti Srl","robots":{"index":"index","follow":"follow","max-snippet":"max-snippet:-1","max-image-preview":"max-image-preview:large","max-video-preview":"max-video-preview:-1"},"canonical":"https:\/\/www.ecofarmstorti.com\/de\/kontakt\/","og_locale":"de_DE","og_type":"article","og_title":"Kontakt - Ecofarm Storti Srl","og_url":"https:\/\/www.ecofarmstorti.com\/de\/kontakt\/","og_site_name":"Ecofarm Storti Srl","article_publisher":"https:\/\/www.facebook.com\/stortiecofarm\/","article_modified_time":"2026-03-27T10:15:15+00:00","og_image":[{"width":512,"height":512,"url":"https:\/\/www.ecofarmstorti.com\/wp-content\/uploads\/2026\/03\/favicon.webp","type":"image\/webp"}],"twitter_card":"summary_large_image","schema":{"@context":"https:\/\/schema.org","@graph":[{"@type":"WebPage","@id":"https:\/\/www.ecofarmstorti.com\/de\/kontakt\/","url":"https:\/\/www.ecofarmstorti.com\/de\/kontakt\/","name":"Kontakt - Ecofarm Storti Srl","isPartOf":{"@id":"https:\/\/www.ecofarmstorti.com\/de\/#website"},"datePublished":"2026-03-25T11:50:17+00:00","dateModified":"2026-03-27T10:15:15+00:00","inLanguage":"de","potentialAction":[{"@type":"ReadAction","target":["https:\/\/www.ecofarmstorti.com\/de\/kontakt\/"]}]},{"@type":"WebSite","@id":"https:\/\/www.ecofarmstorti.com\/de\/#website","url":"https:\/\/www.ecofarmstorti.com\/de\/","name":"Ecofarm Storti Srl","description":"Sapere come crescono fa la differenza","publisher":{"@id":"https:\/\/www.ecofarmstorti.com\/de\/#organization"},"potentialAction":[{"@type":"SearchAction","target":{"@type":"EntryPoint","urlTemplate":"https:\/\/www.ecofarmstorti.com\/de\/?s={search_term_string}"},"query-input":{"@type":"PropertyValueSpecification","valueRequired":true,"valueName":"search_term_string"}}],"inLanguage":"de"},{"@type":"Organization","@id":"https:\/\/www.ecofarmstorti.com\/de\/#organization","name":"Ecofarm Storti Srl","url":"https:\/\/www.ecofarmstorti.com\/de\/","logo":{"@type":"ImageObject","inLanguage":"de","@id":"https:\/\/www.ecofarmstorti.com\/de\/#\/schema\/logo\/image\/","url":"https:\/\/www.ecofarmstorti.com\/wp-content\/uploads\/2026\/03\/logo-ecofarm.png","contentUrl":"https:\/\/www.ecofarmstorti.com\/wp-content\/uploads\/2026\/03\/logo-ecofarm.png","width":400,"height":104,"caption":"Ecofarm Storti Srl"},"image":{"@id":"https:\/\/www.ecofarmstorti.com\/de\/#\/schema\/logo\/image\/"},"sameAs":["https:\/\/www.facebook.com\/stortiecofarm\/","https:\/\/www.instagram.com\/ecofarmstorti\/","https:\/\/www.youtube.com\/@ecofarmstorti1564","https:\/\/www.linkedin.com\/company\/storti-ecofarm\/"]}]}},"_links":{"self":[{"href":"https:\/\/www.ecofarmstorti.com\/de\/wp-json\/wp\/v2\/pages\/462","targetHints":{"allow":["GET"]}}],"collection":[{"href":"https:\/\/www.ecofarmstorti.com\/de\/wp-json\/wp\/v2\/pages"}],"about":[{"href":"https:\/\/www.ecofarmstorti.com\/de\/wp-json\/wp\/v2\/types\/page"}],"author":[{"embeddable":true,"href":"https:\/\/www.ecofarmstorti.com\/de\/wp-json\/wp\/v2\/users\/1"}],"replies":[{"embeddable":true,"href":"https:\/\/www.ecofarmstorti.com\/de\/wp-json\/wp\/v2\/comments?post=462"}],"version-history":[{"count":1,"href":"https:\/\/www.ecofarmstorti.com\/de\/wp-json\/wp\/v2\/pages\/462\/revisions"}],"predecessor-version":[{"id":464,"href":"https:\/\/www.ecofarmstorti.com\/de\/wp-json\/wp\/v2\/pages\/462\/revisions\/464"}],"wp:attachment":[{"href":"https:\/\/www.ecofarmstorti.com\/de\/wp-json\/wp\/v2\/media?parent=462"}],"curies":[{"name":"wp","href":"https:\/\/api.w.org\/{rel}","templated":true}]}}